{"id":18,"date":"2020-06-06T13:24:14","date_gmt":"2020-06-06T13:24:14","guid":{"rendered":"http:\/\/logopaedie-theobald.de\/?page_id=18"},"modified":"2020-06-06T13:24:14","modified_gmt":"2020-06-06T13:24:14","slug":"impressum","status":"publish","type":"page","link":"https:\/\/www.logopaedie-theobald.de\/?page_id=18","title":{"rendered":"Impressum"},"content":{"rendered":"\n<p>Inhaltlich Verantwortliche gem\u00e4\u00df \u00a7 5 TMG&nbsp;:<\/p>\n\n\n\n<p>Susann Theobald<\/p>\n\n\n\n<p>Praxis f\u00fcr Logop\u00e4die &#8211; Susann Theobald&nbsp;&nbsp;&nbsp;&nbsp;&nbsp;&nbsp;<\/p>\n\n\n\n<p>Speyerer Stra\u00dfe 8&nbsp;&nbsp;&nbsp;&nbsp;<\/p>\n\n\n\n<p>67435 Neustadt<\/p>\n\n\n\n<p>Telefon:&nbsp;06327-6349163&nbsp;&nbsp;&nbsp;&nbsp;&nbsp;&nbsp;&nbsp;&nbsp;&nbsp;&nbsp;&nbsp;&nbsp;&nbsp;&nbsp;&nbsp; Fax:&nbsp;06327-6349159<\/p>\n\n\n\n<p>E-Mail:&nbsp;Kontakt@logopaedie-theobald.de<\/p>\n\n\n\n<p>Umsatzsteuer &#8211; Identifikationsnummer gem\u00e4\u00df \u00a7 27 a Umsatzsteuergesetz: Es besteht keine Umsatzsteuerpflicht<\/p>\n\n\n\n<p>Erlaubnis zur F\u00fchrung der Berufsbezeichnung &#8222;Logop\u00e4din&#8220; wurde am 04.04.2008 (BGBI. I S. 5229) durch das Nds. Landesamt f\u00fcr Soziales, Jugend und Familie in L\u00fcneburg erteilt.<\/p>\n\n\n\n<p>Zust\u00e4ndiges Gesundheitsamt:<\/p>\n\n\n\n<p>Kreisverwaltung Bad D\u00fcrkheim -Gesundheitsamt-<\/p>\n\n\n\n<p>Neumayerstra\u00dfe 10&nbsp;&nbsp;&nbsp;&nbsp; 67433 Neustadt an der Weinstra\u00dfe Berufsrechtliche Regelungen: Es gelten die Berufsleitlinien des Deutschen Bundesverbandes f\u00fcr Logop\u00e4die e.V. und das Gesetz \u00fcber den Beruf des Logop\u00e4den.<\/p>\n","protected":false},"excerpt":{"rendered":"<p>Inhaltlich Verantwortliche gem\u00e4\u00df \u00a7 5 TMG&nbsp;: Susann Theobald Praxis f\u00fcr Logop\u00e4die &#8211; Susann Theobald&nbsp;&nbsp;&nbsp;&nbsp;&nbsp;&nbsp; Speyerer Stra\u00dfe 8&nbsp;&nbsp;&nbsp;&nbsp; 67435 Neustadt Telefon:&nbsp;06327-6349163&nbsp;&nbsp;&nbsp;&nbsp;&nbsp;&nbsp;&nbsp;&nbsp;&nbsp;&nbsp;&nbsp;&nbsp;&nbsp;&nbsp;&nbsp; Fax:&nbsp;06327-6349159 E-Mail:&nbsp;Kontakt@logopaedie-theobald.de Umsatzsteuer &#8211; Identifikationsnummer gem\u00e4\u00df \u00a7 27 a Umsatzsteuergesetz: Es besteht keine Umsatzsteuerpflicht Erlaubnis zur F\u00fchrung der Berufsbezeichnung &#8222;Logop\u00e4din&#8220; wurde am 04.04.2008 (BGBI. I S. 5229) durch das Nds. Landesamt f\u00fcr Soziales, Jugend und &hellip; <\/p>\n<p class=\"link-more\"><a href=\"https:\/\/www.logopaedie-theobald.de\/?page_id=18\" class=\"more-link\"><span class=\"screen-reader-text\">\u201eImpressum\u201c <\/span>weiterlesen<\/a><\/p>\n","protected":false},"author":1,"featured_media":0,"parent":0,"menu_order":0,"comment_status":"closed","ping_status":"closed","template":"","meta":{"footnotes":""},"class_list":["post-18","page","type-page","status-publish","hentry"],"_links":{"self":[{"href":"https:\/\/www.logopaedie-theobald.de\/index.php?rest_route=\/wp\/v2\/pages\/18","targetHints":{"allow":["GET"]}}],"collection":[{"href":"https:\/\/www.logopaedie-theobald.de\/index.php?rest_route=\/wp\/v2\/pages"}],"about":[{"href":"https:\/\/www.logopaedie-theobald.de\/index.php?rest_route=\/wp\/v2\/types\/page"}],"author":[{"embeddable":true,"href":"https:\/\/www.logopaedie-theobald.de\/index.php?rest_route=\/wp\/v2\/users\/1"}],"replies":[{"embeddable":true,"href":"https:\/\/www.logopaedie-theobald.de\/index.php?rest_route=%2Fwp%2Fv2%2Fcomments&post=18"}],"version-history":[{"count":1,"href":"https:\/\/www.logopaedie-theobald.de\/index.php?rest_route=\/wp\/v2\/pages\/18\/revisions"}],"predecessor-version":[{"id":19,"href":"https:\/\/www.logopaedie-theobald.de\/index.php?rest_route=\/wp\/v2\/pages\/18\/revisions\/19"}],"wp:attachment":[{"href":"https:\/\/www.logopaedie-theobald.de\/index.php?rest_route=%2Fwp%2Fv2%2Fmedia&parent=18"}],"curies":[{"name":"wp","href":"https:\/\/api.w.org\/{rel}","templated":true}]}}