{"id":28,"date":"2020-06-06T13:40:50","date_gmt":"2020-06-06T13:40:50","guid":{"rendered":"http:\/\/logopaedie-theobald.de\/?page_id=28"},"modified":"2020-06-06T14:17:31","modified_gmt":"2020-06-06T14:17:31","slug":"sprechzeiten","status":"publish","type":"page","link":"https:\/\/www.logopaedie-theobald.de\/?page_id=28","title":{"rendered":"Sprechzeiten"},"content":{"rendered":"\n<p>Sprechzeiten<\/p>\n\n\n\n<p>Die Praxis ist von Montag bis Samstag von\u00a0<strong>8 Uhr &#8211; 19 Uhr\u00a0<\/strong>ge\u00f6ffnet.<\/p>\n\n\n\n<p>Um einen Termin zu vereinbaren rufen Sie einfach an.<\/p>\n\n\n\n<p><strong>06327\/6349163<\/strong><\/p>\n\n\n\n<p>Sollten wir&nbsp;nicht pers\u00f6nlich f\u00fcr Sie erreichbar sein, so k\u00f6nnen Sie gerne eine Nachricht auf dem Anrufbeantworter hinterlassen.<\/p>\n\n\n\n<p>Wir&nbsp;rufen Sie dann schnellstm\u00f6glich zur\u00fcck.<\/p>\n\n\n\n<p class=\"has-text-color has-vivid-red-color\">Vom Arzt verordnete Hausbesuche\u00a0werden an allen Wochentagen, je nach\u00a0Bedarf,\u00a0sowie Vor-, als auch Nachmittags durchgef\u00fchrt.<\/p>\n","protected":false},"excerpt":{"rendered":"<p>Sprechzeiten Die Praxis ist von Montag bis Samstag von\u00a08 Uhr &#8211; 19 Uhr\u00a0ge\u00f6ffnet. Um einen Termin zu vereinbaren rufen Sie einfach an. 06327\/6349163 Sollten wir&nbsp;nicht pers\u00f6nlich f\u00fcr Sie erreichbar sein, so k\u00f6nnen Sie gerne eine Nachricht auf dem Anrufbeantworter hinterlassen. Wir&nbsp;rufen Sie dann schnellstm\u00f6glich zur\u00fcck. Vom Arzt verordnete Hausbesuche\u00a0werden an allen Wochentagen, je nach\u00a0Bedarf,\u00a0sowie Vor-, &hellip; <\/p>\n<p class=\"link-more\"><a href=\"https:\/\/www.logopaedie-theobald.de\/?page_id=28\" class=\"more-link\"><span class=\"screen-reader-text\">\u201eSprechzeiten\u201c <\/span>weiterlesen<\/a><\/p>\n","protected":false},"author":1,"featured_media":0,"parent":0,"menu_order":0,"comment_status":"closed","ping_status":"closed","template":"","meta":{"footnotes":""},"class_list":["post-28","page","type-page","status-publish","hentry"],"_links":{"self":[{"href":"https:\/\/www.logopaedie-theobald.de\/index.php?rest_route=\/wp\/v2\/pages\/28","targetHints":{"allow":["GET"]}}],"collection":[{"href":"https:\/\/www.logopaedie-theobald.de\/index.php?rest_route=\/wp\/v2\/pages"}],"about":[{"href":"https:\/\/www.logopaedie-theobald.de\/index.php?rest_route=\/wp\/v2\/types\/page"}],"author":[{"embeddable":true,"href":"https:\/\/www.logopaedie-theobald.de\/index.php?rest_route=\/wp\/v2\/users\/1"}],"replies":[{"embeddable":true,"href":"https:\/\/www.logopaedie-theobald.de\/index.php?rest_route=%2Fwp%2Fv2%2Fcomments&post=28"}],"version-history":[{"count":2,"href":"https:\/\/www.logopaedie-theobald.de\/index.php?rest_route=\/wp\/v2\/pages\/28\/revisions"}],"predecessor-version":[{"id":49,"href":"https:\/\/www.logopaedie-theobald.de\/index.php?rest_route=\/wp\/v2\/pages\/28\/revisions\/49"}],"wp:attachment":[{"href":"https:\/\/www.logopaedie-theobald.de\/index.php?rest_route=%2Fwp%2Fv2%2Fmedia&parent=28"}],"curies":[{"name":"wp","href":"https:\/\/api.w.org\/{rel}","templated":true}]}}