{"id":30,"date":"2020-06-06T13:44:13","date_gmt":"2020-06-06T13:44:13","guid":{"rendered":"http:\/\/logopaedie-theobald.de\/?page_id=30"},"modified":"2020-06-06T14:15:52","modified_gmt":"2020-06-06T14:15:52","slug":"behandlungsfelder","status":"publish","type":"page","link":"https:\/\/www.logopaedie-theobald.de\/?page_id=30","title":{"rendered":"Behandlungsfelder"},"content":{"rendered":"\n<p>Die Sprache ist unser wichtigstes Mittel zur Kommunikation.<\/p>\n\n\n\n<p>Bedingt durch vielf\u00e4ltige Ursachen k\u00f6nnen&nbsp;Sprach-,Sprech-,Stimm &#8211; und Schluckst\u00f6rungen&nbsp;auftreten.<\/p>\n\n\n\n<p>Die Therapie ist dabei genauso individuell wie der jeweilige Patient.\u00a0Wir legen\u00a0in unserer t\u00e4glichen Arbeit\u00a0gro\u00dfen Wert darauf, die Behandlung auf die einzelnen Parameter wie beispielsweise das Alter, den Entwicklungsstand und\u00a0den Schweregrad der St\u00f6rung des Patienten abzustimmen.<\/p>\n\n\n\n<p>Gemeinsam mit dem Betroffenen und seinen Angeh\u00f6rigen m\u00f6chten&nbsp;wir&nbsp;die Ziele und den Verlauf der Therapie erarbeiten. Um einen schnellstm\u00f6glichen Transfer der neu erlernten Elemente in den Alltag zu erreichen, ist die Anleitung zum h\u00e4uslichen \u00dcben, sowie die Beratung und Einbeziehung der Angeh\u00f6rigen ein wichtiger Punkt&nbsp;in&nbsp;unserer therapeutischen&nbsp;Arbeit.&nbsp;<\/p>\n\n\n\n<p>In&nbsp;der Praxis f\u00fcr Logop\u00e4die Susann&nbsp;Theobald&nbsp;bieten&nbsp;wir bei folgenden St\u00f6rungsbildern ausf\u00fchrliche logop\u00e4dische Beratung, Diagnostik und Therapie an:<\/p>\n\n\n\n<ul class=\"wp-block-list\"><li>Dyslalie\u00a0(St\u00f6rung der Lautbildung \/ Artikulationsst\u00f6rung wie z.B. Lispeln, \/K\/ wird zu \/T\/, \/SCH\/ wird zu \/S\/ etc.)<\/li><li>Sprachentwicklungsst\u00f6rungen\/Sprachentwicklungsverz\u00f6gerungen<ul><li>Therapie bei verbaler Entwicklungsdyspraxie<ul><li>Therapie bei Late Talkern\/ Late Bloomern<\/li><\/ul><\/li><\/ul><\/li><li>Dysgrammatismus\u00a0(Beeintr\u00e4chtigungen in der Grammatik z.B. Satzbau, Verbflexion, Verwendung der Zeitformen etc.)<\/li><li>Myofunktionelle St\u00f6rungen\u00a0(Muskelungleichgewicht der Gesichts-, Lippen- und Zungenmuskulatur -> dadurch h\u00e4ufig fehlender Mundschluss, Fehlbildungen bei den Zischlauten oder auch Schluckprobleme<\/li><li>Auditive Verarbeitungs- und Wahrnehmungsst\u00f6rungen<\/li><li>Redeflussst\u00f6rungen\u00a0wie beispielsweise\u00a0Stottern\u00a0und\u00a0Poltern<\/li><li>Schluckst\u00f6rungen\/Dysphagien\u00a0z.B. nach Schlaganfall, Tumorbehandlungen, Operationen etc.<\/li><li>Stimmst\u00f6rungen bei Kindern und Erwachsenen<\/li><li>Aphasie\u00a0(St\u00f6rung der bereits erworbenen Sprache, des Lesens und Schreibens,sowie des Sprachverstehens nach z.B. Schlaganfall, Sch\u00e4del-Hirntrauma, Tumor etc.)<\/li><li>Dysarthrie\u00a0(Sprech- und Stimmst\u00f6rungen z.B. durch Parkinson, Schlaganfall, Multiple Sklerose etc.)<\/li><li>Sprechapraxie\u00a0<\/li><\/ul>\n","protected":false},"excerpt":{"rendered":"<p>Die Sprache ist unser wichtigstes Mittel zur Kommunikation. Bedingt durch vielf\u00e4ltige Ursachen k\u00f6nnen&nbsp;Sprach-,Sprech-,Stimm &#8211; und Schluckst\u00f6rungen&nbsp;auftreten. Die Therapie ist dabei genauso individuell wie der jeweilige Patient.\u00a0Wir legen\u00a0in unserer t\u00e4glichen Arbeit\u00a0gro\u00dfen Wert darauf, die Behandlung auf die einzelnen Parameter wie beispielsweise das Alter, den Entwicklungsstand und\u00a0den Schweregrad der St\u00f6rung des Patienten abzustimmen. Gemeinsam mit dem Betroffenen &hellip; <\/p>\n<p class=\"link-more\"><a href=\"https:\/\/www.logopaedie-theobald.de\/?page_id=30\" class=\"more-link\"><span class=\"screen-reader-text\">\u201eBehandlungsfelder\u201c <\/span>weiterlesen<\/a><\/p>\n","protected":false},"author":1,"featured_media":0,"parent":0,"menu_order":0,"comment_status":"closed","ping_status":"closed","template":"","meta":{"footnotes":""},"class_list":["post-30","page","type-page","status-publish","hentry"],"_links":{"self":[{"href":"https:\/\/www.logopaedie-theobald.de\/index.php?rest_route=\/wp\/v2\/pages\/30","targetHints":{"allow":["GET"]}}],"collection":[{"href":"https:\/\/www.logopaedie-theobald.de\/index.php?rest_route=\/wp\/v2\/pages"}],"about":[{"href":"https:\/\/www.logopaedie-theobald.de\/index.php?rest_route=\/wp\/v2\/types\/page"}],"author":[{"embeddable":true,"href":"https:\/\/www.logopaedie-theobald.de\/index.php?rest_route=\/wp\/v2\/users\/1"}],"replies":[{"embeddable":true,"href":"https:\/\/www.logopaedie-theobald.de\/index.php?rest_route=%2Fwp%2Fv2%2Fcomments&post=30"}],"version-history":[{"count":2,"href":"https:\/\/www.logopaedie-theobald.de\/index.php?rest_route=\/wp\/v2\/pages\/30\/revisions"}],"predecessor-version":[{"id":48,"href":"https:\/\/www.logopaedie-theobald.de\/index.php?rest_route=\/wp\/v2\/pages\/30\/revisions\/48"}],"wp:attachment":[{"href":"https:\/\/www.logopaedie-theobald.de\/index.php?rest_route=%2Fwp%2Fv2%2Fmedia&parent=30"}],"curies":[{"name":"wp","href":"https:\/\/api.w.org\/{rel}","templated":true}]}}