{"id":39,"date":"2020-06-06T13:58:29","date_gmt":"2020-06-06T13:58:29","guid":{"rendered":"http:\/\/www.logopaedie-theobald.de\/?page_id=39"},"modified":"2020-06-06T14:11:33","modified_gmt":"2020-06-06T14:11:33","slug":"startseite","status":"publish","type":"page","link":"https:\/\/www.logopaedie-theobald.de\/","title":{"rendered":"Startseite"},"content":{"rendered":"\n<p>\u00a0\u00a0 \u00a0 \u00a0 \u00a0                                     Herzlich Willkommen<\/p>\n\n\n\n<p>auf der Webseite\u00a0der Praxis f\u00fcr Logop\u00e4die Susann Theobald<\/p>\n\n\n\n<p>Ich freue mich, dass Sie den Weg&nbsp;auf unsere&nbsp;Homepage gefunden haben.<\/p>\n\n\n\n<p>Auf den folgenden Seiten m\u00f6chten wir Ihnen die Praxis und die Mitarbeiter vorstellen, so k\u00f6nnen Sie uns und die Praxis schon im Vorfeld ein bisschen kennen lernen.<\/p>\n\n\n\n<p>Zudem m\u00f6chten wir&nbsp;Ihnen einen Einblick in&nbsp;unsere logop\u00e4dischen T\u00e4tigkeitsbereiche und&nbsp;Behandlungsfelder&nbsp;geben.<\/p>\n\n\n\n<p>Ich hoffe, Sie finden auf den folgenden Seiten alle f\u00fcr Sie relevanten Informationen.<\/p>\n\n\n\n<p>Bei Fragen, sowie&nbsp;zur Terminvereinbarung k\u00f6nnen Sie&nbsp;uns gern telefonisch oder per E-Mail erreichen.<\/p>\n\n\n\n<p>Ihre Praxis f\u00fcr Logop\u00e4die Susann Theobald<\/p>\n\n\n\n<p>Speyerer Stra\u00dfe 8<\/p>\n\n\n\n<p>67435 Neustadt &nbsp;Tel: 06327 &#8211; 6349163<\/p>\n","protected":false},"excerpt":{"rendered":"<p>\u00a0\u00a0 \u00a0 \u00a0 \u00a0 Herzlich Willkommen auf der Webseite\u00a0der Praxis f\u00fcr Logop\u00e4die Susann Theobald Ich freue mich, dass Sie den Weg&nbsp;auf unsere&nbsp;Homepage gefunden haben. Auf den folgenden Seiten m\u00f6chten wir Ihnen die Praxis und die Mitarbeiter vorstellen, so k\u00f6nnen Sie uns und die Praxis schon im Vorfeld ein bisschen kennen lernen. Zudem m\u00f6chten wir&nbsp;Ihnen einen &hellip; <\/p>\n<p class=\"link-more\"><a href=\"https:\/\/www.logopaedie-theobald.de\/\" class=\"more-link\"><span class=\"screen-reader-text\">\u201eStartseite\u201c <\/span>weiterlesen<\/a><\/p>\n","protected":false},"author":1,"featured_media":0,"parent":0,"menu_order":0,"comment_status":"closed","ping_status":"closed","template":"","meta":{"footnotes":""},"class_list":["post-39","page","type-page","status-publish","hentry"],"_links":{"self":[{"href":"https:\/\/www.logopaedie-theobald.de\/index.php?rest_route=\/wp\/v2\/pages\/39","targetHints":{"allow":["GET"]}}],"collection":[{"href":"https:\/\/www.logopaedie-theobald.de\/index.php?rest_route=\/wp\/v2\/pages"}],"about":[{"href":"https:\/\/www.logopaedie-theobald.de\/index.php?rest_route=\/wp\/v2\/types\/page"}],"author":[{"embeddable":true,"href":"https:\/\/www.logopaedie-theobald.de\/index.php?rest_route=\/wp\/v2\/users\/1"}],"replies":[{"embeddable":true,"href":"https:\/\/www.logopaedie-theobald.de\/index.php?rest_route=%2Fwp%2Fv2%2Fcomments&post=39"}],"version-history":[{"count":4,"href":"https:\/\/www.logopaedie-theobald.de\/index.php?rest_route=\/wp\/v2\/pages\/39\/revisions"}],"predecessor-version":[{"id":47,"href":"https:\/\/www.logopaedie-theobald.de\/index.php?rest_route=\/wp\/v2\/pages\/39\/revisions\/47"}],"wp:attachment":[{"href":"https:\/\/www.logopaedie-theobald.de\/index.php?rest_route=%2Fwp%2Fv2%2Fmedia&parent=39"}],"curies":[{"name":"wp","href":"https:\/\/api.w.org\/{rel}","templated":true}]}}