{"id":60,"date":"2020-06-06T15:52:49","date_gmt":"2020-06-06T15:52:49","guid":{"rendered":"http:\/\/www.logopaedie-theobald.de\/?page_id=60"},"modified":"2023-05-18T16:44:34","modified_gmt":"2023-05-18T16:44:34","slug":"susann-theobald","status":"publish","type":"page","link":"https:\/\/www.logopaedie-theobald.de\/?page_id=60","title":{"rendered":"Susann Theobald"},"content":{"rendered":"\n<figure class=\"wp-block-image size-full is-resized\"><img loading=\"lazy\" decoding=\"async\" src=\"https:\/\/www.logopaedie-theobald.de\/wp-content\/uploads\/2023\/05\/susi.jpg\" alt=\"\" class=\"wp-image-79\" width=\"187\" height=\"187\" srcset=\"https:\/\/www.logopaedie-theobald.de\/wp-content\/uploads\/2023\/05\/susi.jpg 634w, https:\/\/www.logopaedie-theobald.de\/wp-content\/uploads\/2023\/05\/susi-300x300.jpg 300w, https:\/\/www.logopaedie-theobald.de\/wp-content\/uploads\/2023\/05\/susi-150x150.jpg 150w, https:\/\/www.logopaedie-theobald.de\/wp-content\/uploads\/2023\/05\/susi-100x100.jpg 100w\" sizes=\"auto, (max-width: 187px) 100vw, 187px\" \/><\/figure>\n\n\n\n<p>Susann Theobald (Praxisinhaberin)<\/p>\n\n\n\n<p>Im April 2008 Abschluss zur staatlich anerkannten Logop\u00e4din an der Medizinischen Hochschule Hannover<\/p>\n\n\n\n<p>Von 2008 &#8211; 2012 als fachliche Leitung einer Praxis f\u00fcr Logop\u00e4die t\u00e4tig<\/p>\n\n\n\n<p>Seit Januar 2013 in eigener Praxis in Neustadt- Lachen<\/p>\n\n\n\n<p><strong>&nbsp;<u>T\u00e4tigkeitsschwerpunkte:<\/u><\/strong><\/p>\n\n\n\n<p>Therapie von Schluckst\u00f6rungen im Erwachsenenalter<\/p>\n\n\n\n<p>Therapie von Sprachentwicklungsverz\u00f6gerungen<\/p>\n\n\n\n<p>Therapie bei verbaler Entwicklungsdyspraxie<\/p>\n\n\n\n<p>Therapie von myofunktionellen St\u00f6rungen<\/p>\n\n\n\n<p>Therapie bei kindlichem Stottern<\/p>\n\n\n\n<p>Aphasietherapie<\/p>\n\n\n\n<p><strong>&nbsp;&nbsp;&nbsp;&nbsp;&nbsp;&nbsp;&nbsp;&nbsp;&nbsp;&nbsp;&nbsp;&nbsp;&nbsp;&nbsp;&nbsp;&nbsp;&nbsp;&nbsp;&nbsp;&nbsp;&nbsp;&nbsp; &nbsp;<u>Fortbildungen:<\/u><\/strong><\/p>\n\n\n\n<p><strong>&nbsp;&nbsp;<u>2009:<\/u><\/strong><\/p>\n\n\n\n<p>&nbsp;&#8211; Dysgrammatismustherapie<\/p>\n\n\n\n<p><strong>&nbsp;&nbsp;<u>2010:<\/u><\/strong><\/p>\n\n\n\n<p>&nbsp;&#8211; Therapie Auditiver Verarbeitungs- und Wahrnehmungsst\u00f6rungen<\/p>\n\n\n\n<p><strong>&nbsp;&nbsp;<u>2013:<\/u><\/strong><\/p>\n\n\n\n<p>&nbsp;&#8211; Die Verbale Entwicklungsdyspraxie und KoArt<\/p>\n\n\n\n<p>&nbsp;&#8211; Mini-Kids &#8211; direkte Therapie mit stotternden Kindern<\/p>\n\n\n\n<p>&nbsp;&#8211; Schul-Kids &#8211; direkte Therapie mit stotternden Kindern<\/p>\n\n\n\n<p><strong>&nbsp;&nbsp;<u>2014:<\/u><\/strong><\/p>\n\n\n\n<p>&nbsp;&#8211;&nbsp;Funktionelle Dysphagietherapie bei neurologischen Erkrankungen<\/p>\n\n\n\n<p>&nbsp;&#8211; Funktionelle Dysphagietherapie Trachealkan\u00fclenmanagement und&nbsp;<\/p>\n\n\n\n<p>&nbsp;&#8211; Kostaufbau<\/p>\n\n\n\n<p>&nbsp;&#8211; Aufbaukurs KoArt<\/p>\n\n\n\n<p><strong>&nbsp;&nbsp;<u>2015:<\/u><\/strong><\/p>\n\n\n\n<p>&nbsp;&#8211; Zollinger Konzept &#8211; Die Entdeckung der Sprache: Entwicklung,<\/p>\n\n\n\n<p>&nbsp; Auff\u00e4lligkeiten, fr\u00fche Erfassung und Therapie<\/p>\n\n\n\n<p>&nbsp;&#8211; K-Taping Logop\u00e4die<\/p>\n\n\n\n<p><strong>&nbsp;&nbsp;<u>2016:<\/u><\/strong><\/p>\n\n\n\n<p>&nbsp;&#8211; Theorie und Praxis im Umgang mit der Trachealkan\u00fcle<\/p>\n\n\n\n<p>&nbsp;&#8211; Intraorale Aufs\u00e4tze des Novafon Ger\u00e4tes zur Anwendung in der<\/p>\n\n\n\n<p>&nbsp; Logop\u00e4die<\/p>\n\n\n\n<p><strong>&nbsp;&nbsp;<u>2017:<\/u><\/strong><\/p>\n\n\n\n<p>&nbsp;&#8211; TOLGS bei verbaler Entwicklungsdyspraxie (VED)<\/p>\n\n\n\n<p>&nbsp;&nbsp;<strong><u>2018:<\/u><\/strong><\/p>\n\n\n\n<p>&nbsp;&#8211; Therapie bei Demenz<\/p>\n\n\n\n<p>&nbsp;&#8211; Behandlung<\/p>\n\n\n\n<p><strong>&nbsp;&nbsp;<u>2019:<\/u><\/strong><\/p>\n\n\n\n<p>&nbsp;&#8211; Mund &#8211; Esstherapie &#8211; Therapie von F\u00fctterst\u00f6rungen<\/p>\n\n\n\n<p><strong>&nbsp;&nbsp;<u>2020:<\/u><\/strong><\/p>\n\n\n\n<p>&nbsp;&#8211;&nbsp;SZET &#8211; Schlucken und Zungenruhelage effizient therapieren<\/p>\n","protected":false},"excerpt":{"rendered":"<p>Susann Theobald (Praxisinhaberin) Im April 2008 Abschluss zur staatlich anerkannten Logop\u00e4din an der Medizinischen Hochschule Hannover Von 2008 &#8211; 2012 als fachliche Leitung einer Praxis f\u00fcr Logop\u00e4die t\u00e4tig Seit Januar 2013 in eigener Praxis in Neustadt- Lachen &nbsp;T\u00e4tigkeitsschwerpunkte: Therapie von Schluckst\u00f6rungen im Erwachsenenalter Therapie von Sprachentwicklungsverz\u00f6gerungen Therapie bei verbaler Entwicklungsdyspraxie Therapie von myofunktionellen St\u00f6rungen Therapie &hellip; <\/p>\n<p class=\"link-more\"><a href=\"https:\/\/www.logopaedie-theobald.de\/?page_id=60\" class=\"more-link\"><span class=\"screen-reader-text\">\u201eSusann Theobald\u201c <\/span>weiterlesen<\/a><\/p>\n","protected":false},"author":1,"featured_media":0,"parent":0,"menu_order":0,"comment_status":"closed","ping_status":"closed","template":"","meta":{"footnotes":""},"class_list":["post-60","page","type-page","status-publish","hentry"],"_links":{"self":[{"href":"https:\/\/www.logopaedie-theobald.de\/index.php?rest_route=\/wp\/v2\/pages\/60","targetHints":{"allow":["GET"]}}],"collection":[{"href":"https:\/\/www.logopaedie-theobald.de\/index.php?rest_route=\/wp\/v2\/pages"}],"about":[{"href":"https:\/\/www.logopaedie-theobald.de\/index.php?rest_route=\/wp\/v2\/types\/page"}],"author":[{"embeddable":true,"href":"https:\/\/www.logopaedie-theobald.de\/index.php?rest_route=\/wp\/v2\/users\/1"}],"replies":[{"embeddable":true,"href":"https:\/\/www.logopaedie-theobald.de\/index.php?rest_route=%2Fwp%2Fv2%2Fcomments&post=60"}],"version-history":[{"count":4,"href":"https:\/\/www.logopaedie-theobald.de\/index.php?rest_route=\/wp\/v2\/pages\/60\/revisions"}],"predecessor-version":[{"id":80,"href":"https:\/\/www.logopaedie-theobald.de\/index.php?rest_route=\/wp\/v2\/pages\/60\/revisions\/80"}],"wp:attachment":[{"href":"https:\/\/www.logopaedie-theobald.de\/index.php?rest_route=%2Fwp%2Fv2%2Fmedia&parent=60"}],"curies":[{"name":"wp","href":"https:\/\/api.w.org\/{rel}","templated":true}]}}